{"id":1830,"date":"2024-04-14T19:58:22","date_gmt":"2024-04-14T17:58:22","guid":{"rendered":"https:\/\/centraleuropeanacademy.hu\/?page_id=1830"},"modified":"2026-03-12T09:15:45","modified_gmt":"2026-03-12T08:15:45","slug":"the-cea-internship_programme","status":"publish","type":"page","link":"https:\/\/centraleuropeanacademy.hu\/en\/the-cea-internship_programme\/","title":{"rendered":"The CEA Internship Programme"},"content":{"rendered":"\n<p><strong>The Central European Academy calls for applications for participating in its Internship Programme<\/strong><\/p>\n\n\n\n<p>Find out below about the possibilities and details of the long-term internship programme offered by the <a>Central European Academy<\/a> (CEA).<\/p>\n\n\n\n<p><strong>Eligible applicants for the CEA Internship Programme<\/strong><\/p>\n\n\n\n<p>Students participating in the&nbsp;<a href=\"https:\/\/jogikar.uni-miskolc.hu\/cea_scholarship\">Central European Comparative Law (CECL)<\/a>&nbsp;English-language PhD programme&nbsp;at the Ferenc De\u00e1k Doctoral School of the University of Miskolc shall also take part in the internship programme of the <a>Central European Academy <\/a><a href=\"#_msocom_1\">[KI1]<\/a>&nbsp;(CEA), starting in September of the given academic year.<\/p>\n\n\n\n<p>The international environment of the CEA grants an outstanding potential for doctoral students who join the internship programme and provides insights into researcher and publication processes throughout various themes of comparative law.<\/p>\n\n\n\n<p>Students of the English-language internship programme gain insights into the activities of professors and researchers of the field of comparative law in Central Europe and support their work through their proactive participation. Interns participate in smaller research activities and get involved in a variety of other CEA initiatives. Within the framework, among other things, the interns can collect literature, contribute to the writing of research reports, write and publish scientific articles, etc. The knowledge acquired during the internship programme will greatly contribute to the candidate\u2019s research and professional progress, and the ability competencies acquired during the PhD programme.<\/p>\n\n\n\n<p>The CEA also provides language learning programmes and participation in its own scientific conferences for students on the internship programme. These interns also have the opportunity to join foreign programmes, summer schools and further trainings. Hence, the CEA helps interns in many ways to publish their scientific results.<\/p>\n\n\n\n<p>The training location for interns: Budapest<\/p>\n\n\n\n<p><strong>Method and deadline for submitting application for the CEA Internship Programme<\/strong><\/p>\n\n\n\n<p>You can submit your application for the internship programme simultaneously with the PhD programme by sending an English language CV and a cover letter of up to 5000 characters (further formatting requirements:&nbsp;<em>Times New Roman font, 12-point font size, 1.5-point spacing, the character count includes spaces).&nbsp;<\/em>In the cover letter, the applicants should explain:<\/p>\n\n\n\n<ul class=\"wp-block-list\">\n<li>if they would like to participate in the CEA\u2019s Junior Programme as a part-time employee.<\/li>\n\n\n\n<li><span style=\"color: var(--ast-global-color-3); background-color: var(--ast-global-color-5); font-size: 1rem; font-weight: inherit;\">how they imagine their activities and future career in the field of comparative law;<\/span><\/li>\n\n\n\n<li><span style=\"color: var(--ast-global-color-3); background-color: var(--ast-global-color-5); font-size: 1rem; font-weight: inherit;\">how they plan to stay in Hungary for the entire duration of the programme (4 years) and how the scholarship can contribute to that;<\/span><\/li>\n\n\n\n<li>if they would like to participate in the CEA\u2019s Junior Programme as a part-time employee.<\/li>\n<\/ul>\n\n\n\n<p><strong>Important dates<\/strong><\/p>\n\n\n\n<ul class=\"wp-block-list\">\n<li>Application deadline: <strong>10 May 2026<\/strong><\/li>\n\n\n\n<li>Date of the in-person interview:&nbsp;<strong>June\/July 2026<\/strong><\/li>\n\n\n\n<li>Publication of the list of students admitted:<strong> August 2026<\/strong><\/li>\n\n\n\n<li>Start of doctoral programme and internship: <strong>1 September 2026<\/strong><\/li>\n<\/ul>\n\n\n\n<p><strong>Important links<\/strong><\/p>\n\n\n\n<div class=\"wp-block-buttons is-content-justification-left is-layout-flex wp-container-core-buttons-is-layout-fc4fd283 wp-block-buttons-is-layout-flex\">\n<div class=\"wp-block-button\"><a class=\"wp-block-button__link wp-element-button\" href=\"https:\/\/centraleuropeanacademy.hu\/wp-content\/uploads\/2025\/11\/Application-form-CEA-internship-2026.docx\" target=\"_blank\" rel=\"noreferrer noopener\"><strong>Application form<\/strong><\/a><\/div>\n<\/div>\n\n\n\n<p><\/p>\n\n\n\n<p><strong>Junior Intern Regulations:<\/strong><\/p>\n\n\n\n<div class=\"wp-block-buttons is-layout-flex wp-block-buttons-is-layout-flex\">\n<div class=\"wp-block-button\"><a class=\"wp-block-button__link wp-element-button\" href=\"https:\/\/centraleuropeanacademy.hu\/wp-content\/uploads\/2025\/12\/2025_10967_CEA_Junior_Gyakornoki_Szabalyzat_ver.6.pdf\">Trainee Regulations<\/a><\/div>\n<\/div>\n\n\n\n<p><\/p>\n\n\n\n<p>For more information about the CEA Internship Programme, please contact us at&nbsp;<strong><a href=\"mailto:junior@centraleuropeanacademy.hu\">junior@centraleuropeanacademy.hu<\/a><\/strong><\/p>\n\n\n\n<p><\/p>\n\n\n\n<div data-wp-interactive=\"core\/file\" class=\"wp-block-file aligncenter\"><object data-wp-bind--hidden=\"!state.hasPdfPreview\" hidden class=\"wp-block-file__embed\" data=\"https:\/\/centraleuropeanacademy.hu\/wp-content\/uploads\/2026\/03\/CEA-Junior-Programme-Flyer-11.pdf\" type=\"application\/pdf\" style=\"width:100%;height:600px\" aria-label=\"Embed of CEA Junior Programme Flyer (11).\"><\/object><a id=\"wp-block-file--media-25850f63-b0db-47f5-9ae9-1569bcae0586\" href=\"https:\/\/centraleuropeanacademy.hu\/wp-content\/uploads\/2026\/03\/CEA-Junior-Programme-Flyer-11.pdf\">CEA Junior Programme Flyer (11)<\/a><a href=\"https:\/\/centraleuropeanacademy.hu\/wp-content\/uploads\/2026\/03\/CEA-Junior-Programme-Flyer-11.pdf\" class=\"wp-block-file__button wp-element-button\" download aria-describedby=\"wp-block-file--media-25850f63-b0db-47f5-9ae9-1569bcae0586\">Let\u00f6lt\u00e9s<\/a><\/div>\n","protected":false},"excerpt":{"rendered":"<p>The Central European Academy calls for applications for participating in its Internship Programme Find out below about the possibilities and [&hellip;]<\/p>\n","protected":false},"author":2,"featured_media":12364,"parent":0,"menu_order":0,"comment_status":"closed","ping_status":"closed","template":"","meta":{"_acf_changed":false,"site-sidebar-layout":"no-sidebar","site-content-layout":"","ast-site-content-layout":"full-width-container","site-content-style":"default","site-sidebar-style":"default","ast-global-header-display":"","ast-banner-title-visibility":"","ast-main-header-display":"","ast-hfb-above-header-display":"","ast-hfb-below-header-display":"","ast-hfb-mobile-header-display":"","site-post-title":"disabled","ast-breadcrumbs-content":"","ast-featured-img":"disabled","footer-sml-layout":"","ast-disable-related-posts":"","theme-transparent-header-meta":"","adv-header-id-meta":"","stick-header-meta":"","header-above-stick-meta":"","header-main-stick-meta":"","header-below-stick-meta":"","astra-migrate-meta-layouts":"default","ast-page-background-enabled":"default","ast-page-background-meta":{"desktop":{"background-color":"var(--ast-global-color-4)","background-image":"","background-repeat":"repeat","background-position":"center center","background-size":"auto","background-attachment":"scroll","background-type":"","background-media":"","overlay-type":"","overlay-color":"","overlay-opacity":"","overlay-gradient":""},"tablet":{"background-color":"","background-image":"","background-repeat":"repeat","background-position":"center center","background-size":"auto","background-attachment":"scroll","background-type":"","background-media":"","overlay-type":"","overlay-color":"","overlay-opacity":"","overlay-gradient":""},"mobile":{"background-color":"","background-image":"","background-repeat":"repeat","background-position":"center center","background-size":"auto","background-attachment":"scroll","background-type":"","background-media":"","overlay-type":"","overlay-color":"","overlay-opacity":"","overlay-gradient":""}},"ast-content-background-meta":{"desktop":{"background-color":"var(--ast-global-color-5)","background-image":"","background-repeat":"repeat","background-position":"center center","background-size":"auto","background-attachment":"scroll","background-type":"","background-media":"","overlay-type":"","overlay-color":"","overlay-opacity":"","overlay-gradient":""},"tablet":{"background-color":"var(--ast-global-color-5)","background-image":"","background-repeat":"repeat","background-position":"center center","background-size":"auto","background-attachment":"scroll","background-type":"","background-media":"","overlay-type":"","overlay-color":"","overlay-opacity":"","overlay-gradient":""},"mobile":{"background-color":"var(--ast-global-color-5)","background-image":"","background-repeat":"repeat","background-position":"center center","background-size":"auto","background-attachment":"scroll","background-type":"","background-media":"","overlay-type":"","overlay-color":"","overlay-opacity":"","overlay-gradient":""}},"footnotes":""},"class_list":["post-1830","page","type-page","status-publish","has-post-thumbnail","hentry"],"acf":[],"yoast_head":"<!-- This site is optimized with the Yoast SEO Premium plugin v27.4 (Yoast SEO v27.4) - https:\/\/yoast.com\/product\/yoast-seo-premium-wordpress\/ -->\n<title>The CEA Internship Programme | ME KEA<\/title>\n<meta name=\"robots\" content=\"noindex, nofollow\" \/>\n<meta property=\"og:locale\" content=\"en_GB\" \/>\n<meta property=\"og:type\" content=\"article\" \/>\n<meta property=\"og:title\" content=\"The CEA Internship Programme\" \/>\n<meta property=\"og:description\" content=\"A K\u00f6z\u00e9p-eur\u00f3pai Akad\u00e9mia k\u00f6zfeladatot ell\u00e1t\u00f3 szervezet, f\u0151 c\u00e9lja a r\u00e9gi\u00f3s orsz\u00e1gok jogtudom\u00e1ny\u00e1nak \u00e9s ezen bel\u00fcl jogalkot\u00e1s\u00e1nak fejleszt\u00e9se.\" \/>\n<meta property=\"og:url\" content=\"https:\/\/centraleuropeanacademy.hu\/en\/the-cea-internship_programme\/\" \/>\n<meta property=\"og:site_name\" content=\"ME KEA\" \/>\n<meta property=\"article:modified_time\" content=\"2026-03-12T08:15:45+00:00\" \/>\n<meta property=\"og:image\" content=\"https:\/\/centraleuropeanacademy.hu\/wp-content\/uploads\/2024\/06\/Nevtelen-terv-19.webp\" \/>\n\t<meta property=\"og:image:width\" content=\"1920\" \/>\n\t<meta property=\"og:image:height\" content=\"700\" \/>\n\t<meta property=\"og:image:type\" content=\"image\/webp\" \/>\n<meta name=\"twitter:card\" content=\"summary_large_image\" \/>\n<meta name=\"twitter:label1\" content=\"Estimated reading time\" \/>\n\t<meta name=\"twitter:data1\" content=\"3 minutes\" \/>\n<script type=\"application\/ld+json\" class=\"yoast-schema-graph\">{\"@context\":\"https:\\\/\\\/schema.org\",\"@graph\":[{\"@type\":\"WebPage\",\"@id\":\"https:\\\/\\\/centraleuropeanacademy.hu\\\/the-cea-internship_programme\\\/\",\"url\":\"https:\\\/\\\/centraleuropeanacademy.hu\\\/the-cea-internship_programme\\\/\",\"name\":\"The CEA Internship Programme | ME KEA\",\"isPartOf\":{\"@id\":\"https:\\\/\\\/centraleuropeanacademy.hu\\\/#website\"},\"primaryImageOfPage\":{\"@id\":\"https:\\\/\\\/centraleuropeanacademy.hu\\\/the-cea-internship_programme\\\/#primaryimage\"},\"image\":{\"@id\":\"https:\\\/\\\/centraleuropeanacademy.hu\\\/the-cea-internship_programme\\\/#primaryimage\"},\"thumbnailUrl\":\"https:\\\/\\\/centraleuropeanacademy.hu\\\/wp-content\\\/uploads\\\/2024\\\/06\\\/Nevtelen-terv-19.webp\",\"datePublished\":\"2024-04-14T17:58:22+00:00\",\"dateModified\":\"2026-03-12T08:15:45+00:00\",\"breadcrumb\":{\"@id\":\"https:\\\/\\\/centraleuropeanacademy.hu\\\/the-cea-internship_programme\\\/#breadcrumb\"},\"inLanguage\":\"en-GB\",\"potentialAction\":[{\"@type\":\"ReadAction\",\"target\":[\"https:\\\/\\\/centraleuropeanacademy.hu\\\/the-cea-internship_programme\\\/\"]}]},{\"@type\":\"ImageObject\",\"inLanguage\":\"en-GB\",\"@id\":\"https:\\\/\\\/centraleuropeanacademy.hu\\\/the-cea-internship_programme\\\/#primaryimage\",\"url\":\"https:\\\/\\\/centraleuropeanacademy.hu\\\/wp-content\\\/uploads\\\/2024\\\/06\\\/Nevtelen-terv-19.webp\",\"contentUrl\":\"https:\\\/\\\/centraleuropeanacademy.hu\\\/wp-content\\\/uploads\\\/2024\\\/06\\\/Nevtelen-terv-19.webp\",\"width\":1920,\"height\":700,\"caption\":\"The CEA Scholarship Programme\"},{\"@type\":\"BreadcrumbList\",\"@id\":\"https:\\\/\\\/centraleuropeanacademy.hu\\\/the-cea-internship_programme\\\/#breadcrumb\",\"itemListElement\":[{\"@type\":\"ListItem\",\"position\":1,\"name\":\"Kezd\u0151lap\",\"item\":\"https:\\\/\\\/centraleuropeanacademy.hu\\\/\"},{\"@type\":\"ListItem\",\"position\":2,\"name\":\"The CEA Internship Programme\"}]},{\"@type\":\"WebSite\",\"@id\":\"https:\\\/\\\/centraleuropeanacademy.hu\\\/#website\",\"url\":\"https:\\\/\\\/centraleuropeanacademy.hu\\\/\",\"name\":\"CEA\",\"description\":\"\",\"publisher\":{\"@id\":\"https:\\\/\\\/centraleuropeanacademy.hu\\\/#organization\"},\"potentialAction\":[{\"@type\":\"SearchAction\",\"target\":{\"@type\":\"EntryPoint\",\"urlTemplate\":\"https:\\\/\\\/centraleuropeanacademy.hu\\\/?s={search_term_string}\"},\"query-input\":{\"@type\":\"PropertyValueSpecification\",\"valueRequired\":true,\"valueName\":\"search_term_string\"}}],\"inLanguage\":\"en-GB\"},{\"@type\":\"Organization\",\"@id\":\"https:\\\/\\\/centraleuropeanacademy.hu\\\/#organization\",\"name\":\"K\u00f6z\u00e9p-eur\u00f3pai Akad\u00e9mia\",\"alternateName\":\"K\u00f6z\u00e9p-Eur\u00f3pai Akad\u00e9mia\",\"url\":\"https:\\\/\\\/centraleuropeanacademy.hu\\\/\",\"logo\":{\"@type\":\"ImageObject\",\"inLanguage\":\"en-GB\",\"@id\":\"https:\\\/\\\/centraleuropeanacademy.hu\\\/#\\\/schema\\\/logo\\\/image\\\/\",\"url\":\"https:\\\/\\\/centraleuropeanacademy.hu\\\/wp-content\\\/uploads\\\/2024\\\/04\\\/cea-logo.png\",\"contentUrl\":\"https:\\\/\\\/centraleuropeanacademy.hu\\\/wp-content\\\/uploads\\\/2024\\\/04\\\/cea-logo.png\",\"width\":1080,\"height\":417,\"caption\":\"K\u00f6z\u00e9p-eur\u00f3pai Akad\u00e9mia\"},\"image\":{\"@id\":\"https:\\\/\\\/centraleuropeanacademy.hu\\\/#\\\/schema\\\/logo\\\/image\\\/\"},\"description\":\"A budapesti sz\u00e9khellyel l\u00e9trej\u00f6tt K\u00f6z\u00e9p-eur\u00f3pai Akad\u00e9mia (CEA) a Miskolci Egyetem \u00e1ltal alap\u00edtott, k\u00f6zfeladatot ell\u00e1t\u00f3 szervezet.\",\"email\":\"academy@centraleuropeanacademy.hu\",\"telephone\":\"academy@centraleuropeanacademy.hu\",\"legalName\":\"K\u00f6z\u00e9p-eur\u00f3pai Akad\u00e9mia\",\"taxID\":\"19359711-1-43\"}]}<\/script>\n<!-- \/ Yoast SEO Premium plugin. -->","yoast_head_json":{"title":"The CEA Internship Programme | ME KEA","robots":{"index":"noindex","follow":"nofollow"},"og_locale":"en_GB","og_type":"article","og_title":"The CEA Internship Programme","og_description":"A K\u00f6z\u00e9p-eur\u00f3pai Akad\u00e9mia k\u00f6zfeladatot ell\u00e1t\u00f3 szervezet, f\u0151 c\u00e9lja a r\u00e9gi\u00f3s orsz\u00e1gok jogtudom\u00e1ny\u00e1nak \u00e9s ezen bel\u00fcl jogalkot\u00e1s\u00e1nak fejleszt\u00e9se.","og_url":"https:\/\/centraleuropeanacademy.hu\/en\/the-cea-internship_programme\/","og_site_name":"ME KEA","article_modified_time":"2026-03-12T08:15:45+00:00","og_image":[{"width":1920,"height":700,"url":"https:\/\/centraleuropeanacademy.hu\/wp-content\/uploads\/2024\/06\/Nevtelen-terv-19.webp","type":"image\/webp"}],"twitter_card":"summary_large_image","twitter_misc":{"Estimated reading time":"3 minutes"},"schema":{"@context":"https:\/\/schema.org","@graph":[{"@type":"WebPage","@id":"https:\/\/centraleuropeanacademy.hu\/the-cea-internship_programme\/","url":"https:\/\/centraleuropeanacademy.hu\/the-cea-internship_programme\/","name":"The CEA Internship Programme | ME KEA","isPartOf":{"@id":"https:\/\/centraleuropeanacademy.hu\/#website"},"primaryImageOfPage":{"@id":"https:\/\/centraleuropeanacademy.hu\/the-cea-internship_programme\/#primaryimage"},"image":{"@id":"https:\/\/centraleuropeanacademy.hu\/the-cea-internship_programme\/#primaryimage"},"thumbnailUrl":"https:\/\/centraleuropeanacademy.hu\/wp-content\/uploads\/2024\/06\/Nevtelen-terv-19.webp","datePublished":"2024-04-14T17:58:22+00:00","dateModified":"2026-03-12T08:15:45+00:00","breadcrumb":{"@id":"https:\/\/centraleuropeanacademy.hu\/the-cea-internship_programme\/#breadcrumb"},"inLanguage":"en-GB","potentialAction":[{"@type":"ReadAction","target":["https:\/\/centraleuropeanacademy.hu\/the-cea-internship_programme\/"]}]},{"@type":"ImageObject","inLanguage":"en-GB","@id":"https:\/\/centraleuropeanacademy.hu\/the-cea-internship_programme\/#primaryimage","url":"https:\/\/centraleuropeanacademy.hu\/wp-content\/uploads\/2024\/06\/Nevtelen-terv-19.webp","contentUrl":"https:\/\/centraleuropeanacademy.hu\/wp-content\/uploads\/2024\/06\/Nevtelen-terv-19.webp","width":1920,"height":700,"caption":"The CEA Scholarship Programme"},{"@type":"BreadcrumbList","@id":"https:\/\/centraleuropeanacademy.hu\/the-cea-internship_programme\/#breadcrumb","itemListElement":[{"@type":"ListItem","position":1,"name":"Kezd\u0151lap","item":"https:\/\/centraleuropeanacademy.hu\/"},{"@type":"ListItem","position":2,"name":"The CEA Internship Programme"}]},{"@type":"WebSite","@id":"https:\/\/centraleuropeanacademy.hu\/#website","url":"https:\/\/centraleuropeanacademy.hu\/","name":"CEA","description":"","publisher":{"@id":"https:\/\/centraleuropeanacademy.hu\/#organization"},"potentialAction":[{"@type":"SearchAction","target":{"@type":"EntryPoint","urlTemplate":"https:\/\/centraleuropeanacademy.hu\/?s={search_term_string}"},"query-input":{"@type":"PropertyValueSpecification","valueRequired":true,"valueName":"search_term_string"}}],"inLanguage":"en-GB"},{"@type":"Organization","@id":"https:\/\/centraleuropeanacademy.hu\/#organization","name":"Central European Academy","alternateName":"K\u00f6z\u00e9p-Eur\u00f3pai Akad\u00e9mia","url":"https:\/\/centraleuropeanacademy.hu\/","logo":{"@type":"ImageObject","inLanguage":"en-GB","@id":"https:\/\/centraleuropeanacademy.hu\/#\/schema\/logo\/image\/","url":"https:\/\/centraleuropeanacademy.hu\/wp-content\/uploads\/2024\/04\/cea-logo.png","contentUrl":"https:\/\/centraleuropeanacademy.hu\/wp-content\/uploads\/2024\/04\/cea-logo.png","width":1080,"height":417,"caption":"K\u00f6z\u00e9p-eur\u00f3pai Akad\u00e9mia"},"image":{"@id":"https:\/\/centraleuropeanacademy.hu\/#\/schema\/logo\/image\/"},"description":"A budapesti sz\u00e9khellyel l\u00e9trej\u00f6tt K\u00f6z\u00e9p-eur\u00f3pai Akad\u00e9mia (CEA) a Miskolci Egyetem \u00e1ltal alap\u00edtott, k\u00f6zfeladatot ell\u00e1t\u00f3 szervezet.","email":"academy@centraleuropeanacademy.hu","telephone":"academy@centraleuropeanacademy.hu","legalName":"K\u00f6z\u00e9p-eur\u00f3pai Akad\u00e9mia","taxID":"19359711-1-43"}]}},"_links":{"self":[{"href":"https:\/\/centraleuropeanacademy.hu\/en\/wp-json\/wp\/v2\/pages\/1830","targetHints":{"allow":["GET"]}}],"collection":[{"href":"https:\/\/centraleuropeanacademy.hu\/en\/wp-json\/wp\/v2\/pages"}],"about":[{"href":"https:\/\/centraleuropeanacademy.hu\/en\/wp-json\/wp\/v2\/types\/page"}],"author":[{"embeddable":true,"href":"https:\/\/centraleuropeanacademy.hu\/en\/wp-json\/wp\/v2\/users\/2"}],"replies":[{"embeddable":true,"href":"https:\/\/centraleuropeanacademy.hu\/en\/wp-json\/wp\/v2\/comments?post=1830"}],"version-history":[{"count":0,"href":"https:\/\/centraleuropeanacademy.hu\/en\/wp-json\/wp\/v2\/pages\/1830\/revisions"}],"wp:featuredmedia":[{"embeddable":true,"href":"https:\/\/centraleuropeanacademy.hu\/en\/wp-json\/wp\/v2\/media\/12364"}],"wp:attachment":[{"href":"https:\/\/centraleuropeanacademy.hu\/en\/wp-json\/wp\/v2\/media?parent=1830"}],"curies":[{"name":"wp","href":"https:\/\/api.w.org\/{rel}","templated":true}]}}